{"id":977,"date":"2023-05-11T11:16:57","date_gmt":"2023-05-11T09:16:57","guid":{"rendered":"https:\/\/www.pktway.sk\/?page_id=977"},"modified":"2023-05-18T09:44:38","modified_gmt":"2023-05-18T07:44:38","slug":"nizny-klatov","status":"publish","type":"page","link":"https:\/\/www.pktway.sk\/?page_id=977","title":{"rendered":"Ni\u017en\u00fd Klatov"},"content":{"rendered":"\t\t<div data-elementor-type=\"wp-page\" data-elementor-id=\"977\" class=\"elementor elementor-977\">\n\t\t\t\t\t\t\t\t\t<section class=\"elementor-section elementor-top-section elementor-element elementor-element-edb1406 elementor-section-boxed elementor-section-height-default elementor-section-height-default\" data-id=\"edb1406\" data-element_type=\"section\" data-settings=\"{&quot;background_background&quot;:&quot;classic&quot;}\">\n\t\t\t\t\t\t\t<div class=\"elementor-background-overlay\"><\/div>\n\t\t\t\t\t\t\t<div class=\"elementor-container elementor-column-gap-no\">\n\t\t\t\t\t<div class=\"elementor-column elementor-col-100 elementor-top-column elementor-element elementor-element-ed5d6e6\" data-id=\"ed5d6e6\" data-element_type=\"column\">\n\t\t\t<div class=\"elementor-widget-wrap elementor-element-populated\">\n\t\t\t\t\t\t\t\t<div class=\"elementor-element elementor-element-0547620 elementor-widget elementor-widget-heading\" data-id=\"0547620\" data-element_type=\"widget\" data-widget_type=\"heading.default\">\n\t\t\t\t<div class=\"elementor-widget-container\">\n\t\t\t<style>\/*! elementor - v3.13.3 - 28-05-2023 *\/\n.elementor-heading-title{padding:0;margin:0;line-height:1}.elementor-widget-heading .elementor-heading-title[class*=elementor-size-]>a{color:inherit;font-size:inherit;line-height:inherit}.elementor-widget-heading .elementor-heading-title.elementor-size-small{font-size:15px}.elementor-widget-heading .elementor-heading-title.elementor-size-medium{font-size:19px}.elementor-widget-heading .elementor-heading-title.elementor-size-large{font-size:29px}.elementor-widget-heading .elementor-heading-title.elementor-size-xl{font-size:39px}.elementor-widget-heading .elementor-heading-title.elementor-size-xxl{font-size:59px}<\/style><h4 class=\"elementor-heading-title elementor-size-default\">Oprava komunik\u00e1ci\u00ed Star\u00e1 Ko\u0161ick\u00e1, Z\u00e1hradn\u00e1, a \u010caksov\u00e1, Ni\u017en\u00fd Klatov<\/h4>\t\t<\/div>\n\t\t\t\t<\/div>\n\t\t\t\t\t<\/div>\n\t\t<\/div>\n\t\t\t\t\t\t\t<\/div>\n\t\t<\/section>\n\t\t\t\t<section class=\"elementor-section elementor-top-section elementor-element elementor-element-2694bc2 elementor-section-boxed elementor-section-height-default elementor-section-height-default\" data-id=\"2694bc2\" data-element_type=\"section\">\n\t\t\t\t\t\t<div class=\"elementor-container elementor-column-gap-default\">\n\t\t\t\t\t<div class=\"elementor-column elementor-col-100 elementor-top-column elementor-element elementor-element-d39a843\" data-id=\"d39a843\" data-element_type=\"column\">\n\t\t\t<div class=\"elementor-widget-wrap elementor-element-populated\">\n\t\t\t\t\t\t\t\t<div class=\"elementor-element elementor-element-ce25404 elementor-widget elementor-widget-image-gallery\" data-id=\"ce25404\" data-element_type=\"widget\" data-widget_type=\"image-gallery.default\">\n\t\t\t\t<div class=\"elementor-widget-container\">\n\t\t\t<style>\/*! elementor - v3.13.3 - 28-05-2023 *\/\n.elementor-image-gallery .gallery-item{display:inline-block;text-align:center;vertical-align:top;width:100%;max-width:100%;margin:0 auto}.elementor-image-gallery .gallery-item img{margin:0 auto}.elementor-image-gallery .gallery-item .gallery-caption{margin:0}.elementor-image-gallery figure img{display:block}.elementor-image-gallery figure figcaption{width:100%}.gallery-spacing-custom .elementor-image-gallery .gallery-icon{padding:0}@media (min-width:768px){.elementor-image-gallery .gallery-columns-2 .gallery-item{max-width:50%}.elementor-image-gallery .gallery-columns-3 .gallery-item{max-width:33.33%}.elementor-image-gallery .gallery-columns-4 .gallery-item{max-width:25%}.elementor-image-gallery .gallery-columns-5 .gallery-item{max-width:20%}.elementor-image-gallery .gallery-columns-6 .gallery-item{max-width:16.666%}.elementor-image-gallery .gallery-columns-7 .gallery-item{max-width:14.28%}.elementor-image-gallery .gallery-columns-8 .gallery-item{max-width:12.5%}.elementor-image-gallery .gallery-columns-9 .gallery-item{max-width:11.11%}.elementor-image-gallery .gallery-columns-10 .gallery-item{max-width:10%}}@media (min-width:480px) and (max-width:767px){.elementor-image-gallery .gallery.gallery-columns-2 .gallery-item,.elementor-image-gallery .gallery.gallery-columns-3 .gallery-item,.elementor-image-gallery .gallery.gallery-columns-4 .gallery-item,.elementor-image-gallery .gallery.gallery-columns-5 .gallery-item,.elementor-image-gallery .gallery.gallery-columns-6 .gallery-item,.elementor-image-gallery .gallery.gallery-columns-7 .gallery-item,.elementor-image-gallery .gallery.gallery-columns-8 .gallery-item,.elementor-image-gallery .gallery.gallery-columns-9 .gallery-item,.elementor-image-gallery .gallery.gallery-columns-10 .gallery-item{max-width:50%}}@media (max-width:479px){.elementor-image-gallery .gallery.gallery-columns-2 .gallery-item,.elementor-image-gallery .gallery.gallery-columns-3 .gallery-item,.elementor-image-gallery .gallery.gallery-columns-4 .gallery-item,.elementor-image-gallery .gallery.gallery-columns-5 .gallery-item,.elementor-image-gallery .gallery.gallery-columns-6 .gallery-item,.elementor-image-gallery .gallery.gallery-columns-7 .gallery-item,.elementor-image-gallery .gallery.gallery-columns-8 .gallery-item,.elementor-image-gallery .gallery.gallery-columns-9 .gallery-item,.elementor-image-gallery .gallery.gallery-columns-10 .gallery-item{max-width:100%}}<\/style>\t\t<div class=\"elementor-image-gallery\">\n\t\t\t<div id='gallery-1' class='gallery galleryid-977 gallery-columns-4 gallery-size-full'><figure class='gallery-item'>\n\t\t\t<div class='gallery-icon portrait'>\n\t\t\t\t<a data-elementor-open-lightbox=\"yes\" data-elementor-lightbox-slideshow=\"ce25404\" data-elementor-lightbox-title=\"IMG_5624\" data-e-action-hash=\"#elementor-action%3Aaction%3Dlightbox%26settings%3DeyJpZCI6MTM4MywidXJsIjoiaHR0cHM6XC9cL3d3dy5wa3R3YXkuc2tcL3dwLWNvbnRlbnRcL3VwbG9hZHNcLzIwMjNcLzA1XC9JTUdfNTYyNC1zY2FsZWQuanBnIiwic2xpZGVzaG93IjoiY2UyNTQwNCJ9\" href='https:\/\/www.pktway.sk\/wp-content\/uploads\/2023\/05\/IMG_5624-scaled.jpg'><img width=\"1920\" height=\"2560\" src=\"https:\/\/www.pktway.sk\/wp-content\/uploads\/2023\/05\/IMG_5624-scaled.jpg\" class=\"attachment-full size-full\" alt=\"\" decoding=\"async\" loading=\"lazy\" srcset=\"https:\/\/www.pktway.sk\/wp-content\/uploads\/2023\/05\/IMG_5624-scaled.jpg 1920w, https:\/\/www.pktway.sk\/wp-content\/uploads\/2023\/05\/IMG_5624-225x300.jpg 225w, https:\/\/www.pktway.sk\/wp-content\/uploads\/2023\/05\/IMG_5624-768x1024.jpg 768w, https:\/\/www.pktway.sk\/wp-content\/uploads\/2023\/05\/IMG_5624-1152x1536.jpg 1152w, https:\/\/www.pktway.sk\/wp-content\/uploads\/2023\/05\/IMG_5624-1536x2048.jpg 1536w\" sizes=\"(max-width: 1920px) 100vw, 1920px\" \/><\/a>\n\t\t\t<\/div><\/figure><figure class='gallery-item'>\n\t\t\t<div class='gallery-icon portrait'>\n\t\t\t\t<a data-elementor-open-lightbox=\"yes\" data-elementor-lightbox-slideshow=\"ce25404\" data-elementor-lightbox-title=\"IMG_5664\" data-e-action-hash=\"#elementor-action%3Aaction%3Dlightbox%26settings%3DeyJpZCI6MTM4NSwidXJsIjoiaHR0cHM6XC9cL3d3dy5wa3R3YXkuc2tcL3dwLWNvbnRlbnRcL3VwbG9hZHNcLzIwMjNcLzA1XC9JTUdfNTY2NC0xLXNjYWxlZC5qcGciLCJzbGlkZXNob3ciOiJjZTI1NDA0In0%3D\" href='https:\/\/www.pktway.sk\/wp-content\/uploads\/2023\/05\/IMG_5664-1-scaled.jpg'><img width=\"1920\" height=\"2560\" src=\"https:\/\/www.pktway.sk\/wp-content\/uploads\/2023\/05\/IMG_5664-1-scaled.jpg\" class=\"attachment-full size-full\" alt=\"\" decoding=\"async\" loading=\"lazy\" srcset=\"https:\/\/www.pktway.sk\/wp-content\/uploads\/2023\/05\/IMG_5664-1-scaled.jpg 1920w, https:\/\/www.pktway.sk\/wp-content\/uploads\/2023\/05\/IMG_5664-1-225x300.jpg 225w, https:\/\/www.pktway.sk\/wp-content\/uploads\/2023\/05\/IMG_5664-1-768x1024.jpg 768w, https:\/\/www.pktway.sk\/wp-content\/uploads\/2023\/05\/IMG_5664-1-1152x1536.jpg 1152w, https:\/\/www.pktway.sk\/wp-content\/uploads\/2023\/05\/IMG_5664-1-1536x2048.jpg 1536w\" sizes=\"(max-width: 1920px) 100vw, 1920px\" \/><\/a>\n\t\t\t<\/div><\/figure><figure class='gallery-item'>\n\t\t\t<div class='gallery-icon portrait'>\n\t\t\t\t<a data-elementor-open-lightbox=\"yes\" data-elementor-lightbox-slideshow=\"ce25404\" data-elementor-lightbox-title=\"IMG_5758\" data-e-action-hash=\"#elementor-action%3Aaction%3Dlightbox%26settings%3DeyJpZCI6MTQxMiwidXJsIjoiaHR0cHM6XC9cL3d3dy5wa3R3YXkuc2tcL3dwLWNvbnRlbnRcL3VwbG9hZHNcLzIwMjNcLzA1XC9JTUdfNTc1OC1zY2FsZWQuanBnIiwic2xpZGVzaG93IjoiY2UyNTQwNCJ9\" href='https:\/\/www.pktway.sk\/wp-content\/uploads\/2023\/05\/IMG_5758-scaled.jpg'><img width=\"1920\" height=\"2560\" src=\"https:\/\/www.pktway.sk\/wp-content\/uploads\/2023\/05\/IMG_5758-scaled.jpg\" class=\"attachment-full size-full\" alt=\"\" decoding=\"async\" loading=\"lazy\" srcset=\"https:\/\/www.pktway.sk\/wp-content\/uploads\/2023\/05\/IMG_5758-scaled.jpg 1920w, https:\/\/www.pktway.sk\/wp-content\/uploads\/2023\/05\/IMG_5758-225x300.jpg 225w, https:\/\/www.pktway.sk\/wp-content\/uploads\/2023\/05\/IMG_5758-768x1024.jpg 768w, https:\/\/www.pktway.sk\/wp-content\/uploads\/2023\/05\/IMG_5758-1152x1536.jpg 1152w, https:\/\/www.pktway.sk\/wp-content\/uploads\/2023\/05\/IMG_5758-1536x2048.jpg 1536w\" sizes=\"(max-width: 1920px) 100vw, 1920px\" \/><\/a>\n\t\t\t<\/div><\/figure><figure class='gallery-item'>\n\t\t\t<div class='gallery-icon portrait'>\n\t\t\t\t<a data-elementor-open-lightbox=\"yes\" data-elementor-lightbox-slideshow=\"ce25404\" data-elementor-lightbox-title=\"IMG_5757\" data-e-action-hash=\"#elementor-action%3Aaction%3Dlightbox%26settings%3DeyJpZCI6MTQwOCwidXJsIjoiaHR0cHM6XC9cL3d3dy5wa3R3YXkuc2tcL3dwLWNvbnRlbnRcL3VwbG9hZHNcLzIwMjNcLzA1XC9JTUdfNTc1Ny1zY2FsZWQuanBnIiwic2xpZGVzaG93IjoiY2UyNTQwNCJ9\" href='https:\/\/www.pktway.sk\/wp-content\/uploads\/2023\/05\/IMG_5757-scaled.jpg'><img width=\"1920\" height=\"2560\" src=\"https:\/\/www.pktway.sk\/wp-content\/uploads\/2023\/05\/IMG_5757-scaled.jpg\" class=\"attachment-full size-full\" alt=\"\" decoding=\"async\" loading=\"lazy\" srcset=\"https:\/\/www.pktway.sk\/wp-content\/uploads\/2023\/05\/IMG_5757-scaled.jpg 1920w, https:\/\/www.pktway.sk\/wp-content\/uploads\/2023\/05\/IMG_5757-225x300.jpg 225w, https:\/\/www.pktway.sk\/wp-content\/uploads\/2023\/05\/IMG_5757-768x1024.jpg 768w, https:\/\/www.pktway.sk\/wp-content\/uploads\/2023\/05\/IMG_5757-1152x1536.jpg 1152w, https:\/\/www.pktway.sk\/wp-content\/uploads\/2023\/05\/IMG_5757-1536x2048.jpg 1536w\" sizes=\"(max-width: 1920px) 100vw, 1920px\" \/><\/a>\n\t\t\t<\/div><\/figure><figure class='gallery-item'>\n\t\t\t<div class='gallery-icon portrait'>\n\t\t\t\t<a data-elementor-open-lightbox=\"yes\" data-elementor-lightbox-slideshow=\"ce25404\" data-elementor-lightbox-title=\"IMG_5756\" data-e-action-hash=\"#elementor-action%3Aaction%3Dlightbox%26settings%3DeyJpZCI6MTQwNCwidXJsIjoiaHR0cHM6XC9cL3d3dy5wa3R3YXkuc2tcL3dwLWNvbnRlbnRcL3VwbG9hZHNcLzIwMjNcLzA1XC9JTUdfNTc1Ni1zY2FsZWQuanBnIiwic2xpZGVzaG93IjoiY2UyNTQwNCJ9\" href='https:\/\/www.pktway.sk\/wp-content\/uploads\/2023\/05\/IMG_5756-scaled.jpg'><img width=\"1920\" height=\"2560\" src=\"https:\/\/www.pktway.sk\/wp-content\/uploads\/2023\/05\/IMG_5756-scaled.jpg\" class=\"attachment-full size-full\" alt=\"\" decoding=\"async\" loading=\"lazy\" srcset=\"https:\/\/www.pktway.sk\/wp-content\/uploads\/2023\/05\/IMG_5756-scaled.jpg 1920w, https:\/\/www.pktway.sk\/wp-content\/uploads\/2023\/05\/IMG_5756-225x300.jpg 225w, https:\/\/www.pktway.sk\/wp-content\/uploads\/2023\/05\/IMG_5756-768x1024.jpg 768w, https:\/\/www.pktway.sk\/wp-content\/uploads\/2023\/05\/IMG_5756-1152x1536.jpg 1152w, https:\/\/www.pktway.sk\/wp-content\/uploads\/2023\/05\/IMG_5756-1536x2048.jpg 1536w\" sizes=\"(max-width: 1920px) 100vw, 1920px\" \/><\/a>\n\t\t\t<\/div><\/figure><figure class='gallery-item'>\n\t\t\t<div class='gallery-icon portrait'>\n\t\t\t\t<a data-elementor-open-lightbox=\"yes\" data-elementor-lightbox-slideshow=\"ce25404\" data-elementor-lightbox-title=\"IMG_5755\" data-e-action-hash=\"#elementor-action%3Aaction%3Dlightbox%26settings%3DeyJpZCI6MTM5NCwidXJsIjoiaHR0cHM6XC9cL3d3dy5wa3R3YXkuc2tcL3dwLWNvbnRlbnRcL3VwbG9hZHNcLzIwMjNcLzA1XC9JTUdfNTc1NS1zY2FsZWQuanBnIiwic2xpZGVzaG93IjoiY2UyNTQwNCJ9\" href='https:\/\/www.pktway.sk\/wp-content\/uploads\/2023\/05\/IMG_5755-scaled.jpg'><img width=\"1920\" height=\"2560\" src=\"https:\/\/www.pktway.sk\/wp-content\/uploads\/2023\/05\/IMG_5755-scaled.jpg\" class=\"attachment-full size-full\" alt=\"\" decoding=\"async\" loading=\"lazy\" srcset=\"https:\/\/www.pktway.sk\/wp-content\/uploads\/2023\/05\/IMG_5755-scaled.jpg 1920w, https:\/\/www.pktway.sk\/wp-content\/uploads\/2023\/05\/IMG_5755-225x300.jpg 225w, https:\/\/www.pktway.sk\/wp-content\/uploads\/2023\/05\/IMG_5755-768x1024.jpg 768w, https:\/\/www.pktway.sk\/wp-content\/uploads\/2023\/05\/IMG_5755-1152x1536.jpg 1152w, https:\/\/www.pktway.sk\/wp-content\/uploads\/2023\/05\/IMG_5755-1536x2048.jpg 1536w\" sizes=\"(max-width: 1920px) 100vw, 1920px\" \/><\/a>\n\t\t\t<\/div><\/figure><figure class='gallery-item'>\n\t\t\t<div class='gallery-icon portrait'>\n\t\t\t\t<a data-elementor-open-lightbox=\"yes\" data-elementor-lightbox-slideshow=\"ce25404\" data-elementor-lightbox-title=\"IMG_5711\" data-e-action-hash=\"#elementor-action%3Aaction%3Dlightbox%26settings%3DeyJpZCI6MTM5MywidXJsIjoiaHR0cHM6XC9cL3d3dy5wa3R3YXkuc2tcL3dwLWNvbnRlbnRcL3VwbG9hZHNcLzIwMjNcLzA1XC9JTUdfNTcxMS0xLXNjYWxlZC5qcGciLCJzbGlkZXNob3ciOiJjZTI1NDA0In0%3D\" href='https:\/\/www.pktway.sk\/wp-content\/uploads\/2023\/05\/IMG_5711-1-scaled.jpg'><img width=\"1920\" height=\"2560\" src=\"https:\/\/www.pktway.sk\/wp-content\/uploads\/2023\/05\/IMG_5711-1-scaled.jpg\" class=\"attachment-full size-full\" alt=\"\" decoding=\"async\" loading=\"lazy\" srcset=\"https:\/\/www.pktway.sk\/wp-content\/uploads\/2023\/05\/IMG_5711-1-scaled.jpg 1920w, https:\/\/www.pktway.sk\/wp-content\/uploads\/2023\/05\/IMG_5711-1-225x300.jpg 225w, https:\/\/www.pktway.sk\/wp-content\/uploads\/2023\/05\/IMG_5711-1-768x1024.jpg 768w, https:\/\/www.pktway.sk\/wp-content\/uploads\/2023\/05\/IMG_5711-1-1152x1536.jpg 1152w, https:\/\/www.pktway.sk\/wp-content\/uploads\/2023\/05\/IMG_5711-1-1536x2048.jpg 1536w\" sizes=\"(max-width: 1920px) 100vw, 1920px\" \/><\/a>\n\t\t\t<\/div><\/figure><figure class='gallery-item'>\n\t\t\t<div class='gallery-icon portrait'>\n\t\t\t\t<a data-elementor-open-lightbox=\"yes\" data-elementor-lightbox-slideshow=\"ce25404\" data-elementor-lightbox-title=\"IMG_5700\" data-e-action-hash=\"#elementor-action%3Aaction%3Dlightbox%26settings%3DeyJpZCI6MTM4OSwidXJsIjoiaHR0cHM6XC9cL3d3dy5wa3R3YXkuc2tcL3dwLWNvbnRlbnRcL3VwbG9hZHNcLzIwMjNcLzA1XC9JTUdfNTcwMC1zY2FsZWQuanBnIiwic2xpZGVzaG93IjoiY2UyNTQwNCJ9\" href='https:\/\/www.pktway.sk\/wp-content\/uploads\/2023\/05\/IMG_5700-scaled.jpg'><img width=\"1920\" height=\"2560\" src=\"https:\/\/www.pktway.sk\/wp-content\/uploads\/2023\/05\/IMG_5700-scaled.jpg\" class=\"attachment-full size-full\" alt=\"\" decoding=\"async\" loading=\"lazy\" srcset=\"https:\/\/www.pktway.sk\/wp-content\/uploads\/2023\/05\/IMG_5700-scaled.jpg 1920w, https:\/\/www.pktway.sk\/wp-content\/uploads\/2023\/05\/IMG_5700-225x300.jpg 225w, https:\/\/www.pktway.sk\/wp-content\/uploads\/2023\/05\/IMG_5700-768x1024.jpg 768w, https:\/\/www.pktway.sk\/wp-content\/uploads\/2023\/05\/IMG_5700-1152x1536.jpg 1152w, https:\/\/www.pktway.sk\/wp-content\/uploads\/2023\/05\/IMG_5700-1536x2048.jpg 1536w\" sizes=\"(max-width: 1920px) 100vw, 1920px\" \/><\/a>\n\t\t\t<\/div><\/figure><figure class='gallery-item'>\n\t\t\t<div class='gallery-icon portrait'>\n\t\t\t\t<a data-elementor-open-lightbox=\"yes\" data-elementor-lightbox-slideshow=\"ce25404\" data-elementor-lightbox-title=\"IMG_5699\" data-e-action-hash=\"#elementor-action%3Aaction%3Dlightbox%26settings%3DeyJpZCI6MTM4NywidXJsIjoiaHR0cHM6XC9cL3d3dy5wa3R3YXkuc2tcL3dwLWNvbnRlbnRcL3VwbG9hZHNcLzIwMjNcLzA1XC9JTUdfNTY5OS1zY2FsZWQuanBnIiwic2xpZGVzaG93IjoiY2UyNTQwNCJ9\" href='https:\/\/www.pktway.sk\/wp-content\/uploads\/2023\/05\/IMG_5699-scaled.jpg'><img width=\"1920\" height=\"2560\" src=\"https:\/\/www.pktway.sk\/wp-content\/uploads\/2023\/05\/IMG_5699-scaled.jpg\" class=\"attachment-full size-full\" alt=\"\" decoding=\"async\" loading=\"lazy\" srcset=\"https:\/\/www.pktway.sk\/wp-content\/uploads\/2023\/05\/IMG_5699-scaled.jpg 1920w, https:\/\/www.pktway.sk\/wp-content\/uploads\/2023\/05\/IMG_5699-225x300.jpg 225w, https:\/\/www.pktway.sk\/wp-content\/uploads\/2023\/05\/IMG_5699-768x1024.jpg 768w, https:\/\/www.pktway.sk\/wp-content\/uploads\/2023\/05\/IMG_5699-1152x1536.jpg 1152w, https:\/\/www.pktway.sk\/wp-content\/uploads\/2023\/05\/IMG_5699-1536x2048.jpg 1536w\" sizes=\"(max-width: 1920px) 100vw, 1920px\" \/><\/a>\n\t\t\t<\/div><\/figure>\n\t\t<\/div>\n\t\t<\/div>\n\t\t\t\t<\/div>\n\t\t\t\t<\/div>\n\t\t\t\t\t<\/div>\n\t\t<\/div>\n\t\t\t\t\t\t\t<\/div>\n\t\t<\/section>\n\t\t\t\t\t\t\t<\/div>\n\t\t","protected":false},"excerpt":{"rendered":"<p>Oprava komunik\u00e1ci\u00ed Star\u00e1 Ko\u0161ick\u00e1, Z\u00e1hradn\u00e1, a \u010caksov\u00e1, Ni\u017en\u00fd Klatov<\/p>\n","protected":false},"author":1,"featured_media":0,"parent":309,"menu_order":0,"comment_status":"closed","ping_status":"closed","template":"","meta":{"_mi_skip_tracking":false,"_monsterinsights_sitenote_active":false,"_monsterinsights_sitenote_note":"","_monsterinsights_sitenote_category":0,"site-sidebar-layout":"no-sidebar","site-content-layout":"page-builder","ast-global-header-display":"","ast-banner-title-visibility":"","ast-main-header-display":"","ast-hfb-above-header-display":"","ast-hfb-below-header-display":"","ast-hfb-mobile-header-display":"","site-post-title":"disabled","ast-breadcrumbs-content":"","ast-featured-img":"disabled","footer-sml-layout":"","theme-transparent-header-meta":"","adv-header-id-meta":"","stick-header-meta":"","header-above-stick-meta":"","header-main-stick-meta":"","header-below-stick-meta":""},"yoast_head":"<!-- This site is optimized with the Yoast SEO plugin v20.8 - https:\/\/yoast.com\/wordpress\/plugins\/seo\/ -->\n<title>Ni\u017en\u00fd Klatov - PKT WAY<\/title>\n<meta name=\"robots\" content=\"index, follow, max-snippet:-1, max-image-preview:large, max-video-preview:-1\" \/>\n<link rel=\"canonical\" href=\"https:\/\/www.pktway.sk\/?page_id=977\" \/>\n<meta property=\"og:locale\" content=\"sk_SK\" \/>\n<meta property=\"og:type\" content=\"article\" \/>\n<meta property=\"og:title\" content=\"Ni\u017en\u00fd Klatov - PKT WAY\" \/>\n<meta property=\"og:description\" content=\"Oprava komunik\u00e1ci\u00ed Star\u00e1 Ko\u0161ick\u00e1, Z\u00e1hradn\u00e1, a \u010caksov\u00e1, Ni\u017en\u00fd Klatov\" \/>\n<meta property=\"og:url\" content=\"https:\/\/www.pktway.sk\/?page_id=977\" \/>\n<meta property=\"og:site_name\" content=\"PKT WAY\" \/>\n<meta property=\"article:modified_time\" content=\"2023-05-18T07:44:38+00:00\" \/>\n<meta property=\"og:image\" content=\"https:\/\/www.pktway.sk\/wp-content\/uploads\/2023\/05\/IMG_5624-scaled.jpg\" \/>\n<meta name=\"twitter:card\" content=\"summary_large_image\" \/>\n<meta name=\"twitter:label1\" content=\"Predpokladan\u00fd \u010das \u010d\u00edtania\" \/>\n\t<meta name=\"twitter:data1\" content=\"2 min\u00faty\" \/>\n<script type=\"application\/ld+json\" class=\"yoast-schema-graph\">{\"@context\":\"https:\/\/schema.org\",\"@graph\":[{\"@type\":\"WebPage\",\"@id\":\"https:\/\/www.pktway.sk\/?page_id=977\",\"url\":\"https:\/\/www.pktway.sk\/?page_id=977\",\"name\":\"Ni\u017en\u00fd Klatov - PKT WAY\",\"isPartOf\":{\"@id\":\"https:\/\/www.pktway.sk\/#website\"},\"datePublished\":\"2023-05-11T09:16:57+00:00\",\"dateModified\":\"2023-05-18T07:44:38+00:00\",\"breadcrumb\":{\"@id\":\"https:\/\/www.pktway.sk\/?page_id=977#breadcrumb\"},\"inLanguage\":\"sk-SK\",\"potentialAction\":[{\"@type\":\"ReadAction\",\"target\":[\"https:\/\/www.pktway.sk\/?page_id=977\"]}]},{\"@type\":\"BreadcrumbList\",\"@id\":\"https:\/\/www.pktway.sk\/?page_id=977#breadcrumb\",\"itemListElement\":[{\"@type\":\"ListItem\",\"position\":1,\"name\":\"Home\",\"item\":\"https:\/\/www.pktway.sk\/\"},{\"@type\":\"ListItem\",\"position\":2,\"name\":\"Gal\u00e9ria\",\"item\":\"https:\/\/www.pktway.sk\/?page_id=309\"},{\"@type\":\"ListItem\",\"position\":3,\"name\":\"Ni\u017en\u00fd Klatov\"}]},{\"@type\":\"WebSite\",\"@id\":\"https:\/\/www.pktway.sk\/#website\",\"url\":\"https:\/\/www.pktway.sk\/\",\"name\":\"PKT WAY\",\"description\":\"\",\"publisher\":{\"@id\":\"https:\/\/www.pktway.sk\/#organization\"},\"potentialAction\":[{\"@type\":\"SearchAction\",\"target\":{\"@type\":\"EntryPoint\",\"urlTemplate\":\"https:\/\/www.pktway.sk\/?s={search_term_string}\"},\"query-input\":\"required name=search_term_string\"}],\"inLanguage\":\"sk-SK\"},{\"@type\":\"Organization\",\"@id\":\"https:\/\/www.pktway.sk\/#organization\",\"name\":\"PKT WAY\",\"url\":\"https:\/\/www.pktway.sk\/\",\"logo\":{\"@type\":\"ImageObject\",\"inLanguage\":\"sk-SK\",\"@id\":\"https:\/\/www.pktway.sk\/#\/schema\/logo\/image\/\",\"url\":\"https:\/\/www.pktway.sk\/wp-content\/uploads\/2023\/04\/cropped-PKT-Logo-1-e1682281432404.png\",\"contentUrl\":\"https:\/\/www.pktway.sk\/wp-content\/uploads\/2023\/04\/cropped-PKT-Logo-1-e1682281432404.png\",\"width\":256,\"height\":134,\"caption\":\"PKT WAY\"},\"image\":{\"@id\":\"https:\/\/www.pktway.sk\/#\/schema\/logo\/image\/\"}}]}<\/script>\n<!-- \/ Yoast SEO plugin. -->","yoast_head_json":{"title":"Ni\u017en\u00fd Klatov - PKT WAY","robots":{"index":"index","follow":"follow","max-snippet":"max-snippet:-1","max-image-preview":"max-image-preview:large","max-video-preview":"max-video-preview:-1"},"canonical":"https:\/\/www.pktway.sk\/?page_id=977","og_locale":"sk_SK","og_type":"article","og_title":"Ni\u017en\u00fd Klatov - PKT WAY","og_description":"Oprava komunik\u00e1ci\u00ed Star\u00e1 Ko\u0161ick\u00e1, Z\u00e1hradn\u00e1, a \u010caksov\u00e1, Ni\u017en\u00fd Klatov","og_url":"https:\/\/www.pktway.sk\/?page_id=977","og_site_name":"PKT WAY","article_modified_time":"2023-05-18T07:44:38+00:00","og_image":[{"url":"https:\/\/www.pktway.sk\/wp-content\/uploads\/2023\/05\/IMG_5624-scaled.jpg"}],"twitter_card":"summary_large_image","twitter_misc":{"Predpokladan\u00fd \u010das \u010d\u00edtania":"2 min\u00faty"},"schema":{"@context":"https:\/\/schema.org","@graph":[{"@type":"WebPage","@id":"https:\/\/www.pktway.sk\/?page_id=977","url":"https:\/\/www.pktway.sk\/?page_id=977","name":"Ni\u017en\u00fd Klatov - PKT WAY","isPartOf":{"@id":"https:\/\/www.pktway.sk\/#website"},"datePublished":"2023-05-11T09:16:57+00:00","dateModified":"2023-05-18T07:44:38+00:00","breadcrumb":{"@id":"https:\/\/www.pktway.sk\/?page_id=977#breadcrumb"},"inLanguage":"sk-SK","potentialAction":[{"@type":"ReadAction","target":["https:\/\/www.pktway.sk\/?page_id=977"]}]},{"@type":"BreadcrumbList","@id":"https:\/\/www.pktway.sk\/?page_id=977#breadcrumb","itemListElement":[{"@type":"ListItem","position":1,"name":"Home","item":"https:\/\/www.pktway.sk\/"},{"@type":"ListItem","position":2,"name":"Gal\u00e9ria","item":"https:\/\/www.pktway.sk\/?page_id=309"},{"@type":"ListItem","position":3,"name":"Ni\u017en\u00fd Klatov"}]},{"@type":"WebSite","@id":"https:\/\/www.pktway.sk\/#website","url":"https:\/\/www.pktway.sk\/","name":"PKT WAY","description":"","publisher":{"@id":"https:\/\/www.pktway.sk\/#organization"},"potentialAction":[{"@type":"SearchAction","target":{"@type":"EntryPoint","urlTemplate":"https:\/\/www.pktway.sk\/?s={search_term_string}"},"query-input":"required name=search_term_string"}],"inLanguage":"sk-SK"},{"@type":"Organization","@id":"https:\/\/www.pktway.sk\/#organization","name":"PKT WAY","url":"https:\/\/www.pktway.sk\/","logo":{"@type":"ImageObject","inLanguage":"sk-SK","@id":"https:\/\/www.pktway.sk\/#\/schema\/logo\/image\/","url":"https:\/\/www.pktway.sk\/wp-content\/uploads\/2023\/04\/cropped-PKT-Logo-1-e1682281432404.png","contentUrl":"https:\/\/www.pktway.sk\/wp-content\/uploads\/2023\/04\/cropped-PKT-Logo-1-e1682281432404.png","width":256,"height":134,"caption":"PKT WAY"},"image":{"@id":"https:\/\/www.pktway.sk\/#\/schema\/logo\/image\/"}}]}},"_links":{"self":[{"href":"https:\/\/www.pktway.sk\/index.php?rest_route=\/wp\/v2\/pages\/977"}],"collection":[{"href":"https:\/\/www.pktway.sk\/index.php?rest_route=\/wp\/v2\/pages"}],"about":[{"href":"https:\/\/www.pktway.sk\/index.php?rest_route=\/wp\/v2\/types\/page"}],"author":[{"embeddable":true,"href":"https:\/\/www.pktway.sk\/index.php?rest_route=\/wp\/v2\/users\/1"}],"replies":[{"embeddable":true,"href":"https:\/\/www.pktway.sk\/index.php?rest_route=%2Fwp%2Fv2%2Fcomments&post=977"}],"version-history":[{"count":6,"href":"https:\/\/www.pktway.sk\/index.php?rest_route=\/wp\/v2\/pages\/977\/revisions"}],"predecessor-version":[{"id":1415,"href":"https:\/\/www.pktway.sk\/index.php?rest_route=\/wp\/v2\/pages\/977\/revisions\/1415"}],"up":[{"embeddable":true,"href":"https:\/\/www.pktway.sk\/index.php?rest_route=\/wp\/v2\/pages\/309"}],"wp:attachment":[{"href":"https:\/\/www.pktway.sk\/index.php?rest_route=%2Fwp%2Fv2%2Fmedia&parent=977"}],"curies":[{"name":"wp","href":"https:\/\/api.w.org\/{rel}","templated":true}]}}